{"id":393,"date":"2023-10-17T12:10:08","date_gmt":"2023-10-17T10:10:08","guid":{"rendered":"https:\/\/eesnordsud.com\/reservas\/"},"modified":"2024-10-27T09:34:08","modified_gmt":"2024-10-27T08:34:08","slug":"reservas","status":"publish","type":"page","link":"https:\/\/eesnordsud.com\/es\/reservas\/","title":{"rendered":"Reservas"},"content":{"rendered":"<p>\u00a1Prep\u00e1rate para deslizarte por las mejores pistas con Nordsud! Nuestro equipo de instructores profesionales est\u00e1 listo para llevarte a trav\u00e9s de emocionantes lecciones de esqu\u00ed, adecuadas tanto para principiantes como para esquiadores avanzados.<\/p>\n<h2 class=\"custom-title\">\u00bfPor qu\u00e9 elegir Nordsud?<\/h2>\n<ul>\n<li>Instructores Certificados: Todos nuestros instructores son expertos certificados con a\u00f1os de experiencia en las pistas.<\/li>\n<\/ul>\n<ul>\n<li>Clases Personalizadas: Ofrecemos clases individuales y en grupo, adaptadas a tu nivel y preferencias.<\/li>\n<\/ul>\n<ul>\n<li>Seguridad Garantizada: Tu seguridad es nuestra prioridad. Proporcionamos el equipo necesario y seguimos todos los protocolos de seguridad.<\/li>\n<\/ul>\n<ul>\n<li>Ubicaciones Excepcionales: Disfruta de las vistas m\u00e1s impresionantes y las mejores pistas de la regi\u00f3n.<\/li>\n<\/ul>\n","protected":false},"excerpt":{"rendered":"<p>\u00a1Prep\u00e1rate para deslizarte por las mejores pistas con Nordsud! Nuestro equipo de instructores profesionales est\u00e1 listo para llevarte a trav\u00e9s de emocionantes lecciones de esqu\u00ed, adecuadas tanto para principiantes como para esquiadores avanzados. \u00bfPor qu\u00e9 elegir Nordsud? Instructores Certificados: Todos nuestros instructores son expertos certificados con a\u00f1os de experiencia en las pistas. Clases Personalizadas: Ofrecemos [&hellip;]<\/p>\n","protected":false},"author":2,"featured_media":364,"parent":0,"menu_order":81,"comment_status":"closed","ping_status":"closed","template":"reserve_template.php","meta":{"footnotes":""},"class_list":["post-393","page","type-page","status-publish","has-post-thumbnail","hentry"],"aioseo_notices":[],"_links":{"self":[{"href":"https:\/\/eesnordsud.com\/es\/wp-json\/wp\/v2\/pages\/393","targetHints":{"allow":["GET"]}}],"collection":[{"href":"https:\/\/eesnordsud.com\/es\/wp-json\/wp\/v2\/pages"}],"about":[{"href":"https:\/\/eesnordsud.com\/es\/wp-json\/wp\/v2\/types\/page"}],"author":[{"embeddable":true,"href":"https:\/\/eesnordsud.com\/es\/wp-json\/wp\/v2\/users\/2"}],"replies":[{"embeddable":true,"href":"https:\/\/eesnordsud.com\/es\/wp-json\/wp\/v2\/comments?post=393"}],"version-history":[{"count":1,"href":"https:\/\/eesnordsud.com\/es\/wp-json\/wp\/v2\/pages\/393\/revisions"}],"predecessor-version":[{"id":653,"href":"https:\/\/eesnordsud.com\/es\/wp-json\/wp\/v2\/pages\/393\/revisions\/653"}],"wp:featuredmedia":[{"embeddable":true,"href":"https:\/\/eesnordsud.com\/es\/wp-json\/wp\/v2\/media\/364"}],"wp:attachment":[{"href":"https:\/\/eesnordsud.com\/es\/wp-json\/wp\/v2\/media?parent=393"}],"curies":[{"name":"wp","href":"https:\/\/api.w.org\/{rel}","templated":true}]}}